{"id":727,"date":"2020-09-17T18:31:54","date_gmt":"2020-09-17T15:31:54","guid":{"rendered":"https:\/\/1partner.eu\/avaleht\/"},"modified":"2023-01-11T17:42:27","modified_gmt":"2023-01-11T14:42:27","slug":"avaleht","status":"publish","type":"page","link":"https:\/\/1partner.eu\/et\/","title":{"rendered":"Avaleht"},"content":{"rendered":"\n<div class=\"front-header-block d-flex flex-column\">\n    <div class=\"d-flex align-items-end align-items-lg-center first\">\n        <div class=\"image_bg no-lazy\" style=\"background-image: url('https:\/\/1partner.eu\/wp-content\/uploads\/2022\/10\/Group-185.jpg');\"><\/div>\n        <div class=\"container d-flex flex-column flex-lg-row align-items-lg-center justify-content-between\">\n            <h1>1Partner Advisory &#8211; Kinnisvara investeeringute n\u00f5ustamise ettev\u00f5te<\/h1>\n                            <div class=\"links d-lg-none\">\n                    <div class=\"row\">\n                                                                                <a href=\"https:\/\/1partner.eu\/et\/ettevottest\/#jll\" class=\"col col-12 col-lg logo_link d-flex align-items-center justify-content-center\">\n                                <img decoding=\"async\" class=\"no-lazy\" src=\"https:\/\/1partner.eu\/wp-content\/uploads\/2022\/10\/Group-142.svg\" width=\"77\" height=\"59\" alt=\"\" \/>\n                            <\/a>\n                                                                                <a href=\"https:\/\/1partner.eu\/et\/ettevottest\/#rics\" class=\"col col-12 col-lg logo_link d-flex align-items-center justify-content-center\">\n                                <img decoding=\"async\" class=\"no-lazy\" src=\"https:\/\/1partner.eu\/wp-content\/uploads\/2022\/10\/Group-184.svg\" width=\"173\" height=\"56\" alt=\"\" \/>\n                            <\/a>\n                                            <\/div>\n                <\/div>\n                    <\/div>\n    <\/div>\n            <div class=\"container-fluid\">\n            <div class=\"row\">\n                                    <div class=\"col col-12 col-lg-6 links d-none d-lg-block\">\n                        <div class=\"row\">\n                                                                                            <a href=\"https:\/\/1partner.eu\/et\/ettevottest\/#jll\" class=\"col col-12 col-lg logo_link d-flex align-items-center justify-content-center\">\n                                    <img decoding=\"async\" src=\"https:\/\/1partner.eu\/wp-content\/uploads\/2022\/10\/Group-142.svg\" width=\"77\" height=\"59\" alt=\"\" \/>\n                                <\/a>\n                                                                                            <a href=\"https:\/\/1partner.eu\/et\/ettevottest\/#rics\" class=\"col col-12 col-lg logo_link d-flex align-items-center justify-content-center\">\n                                    <img decoding=\"async\" src=\"https:\/\/1partner.eu\/wp-content\/uploads\/2022\/10\/Group-184.svg\" width=\"173\" height=\"56\" alt=\"\" \/>\n                                <\/a>\n                                                    <\/div>\n                    <\/div>\n                                                    <div class=\"col col-12 col-lg-6 counters\">\n                        <div class=\"row align-items-start align-items-lg-center justify-content-center\">\n                                                                                            <div class=\"col col-auto counter\">\n                                    <div class=\"wrap\">\n                                        <span class=\"count_number\" data-count=\"100\">100<\/span>\n                                                                                    <span class=\"addon\">+<\/span>\n                                                                            <\/div>\n                                                                            <p>projekti aastas<\/p>\n                                                                    <\/div>\n                                                                                            <div class=\"col col-auto counter\">\n                                    <div class=\"wrap\">\n                                        <span class=\"count_number\" data-count=\"10\">10<\/span>\n                                                                                    <span class=\"addon\">+<\/span>\n                                                                            <\/div>\n                                                                            <p>eksperti<\/p>\n                                                                    <\/div>\n                                                                                            <div class=\"col col-auto counter\">\n                                    <div class=\"wrap\">\n                                        <span class=\"count_number\" data-count=\"20\">20<\/span>\n                                                                                    <span class=\"addon\">+ aastat<\/span>\n                                                                            <\/div>\n                                                                            <p>kogemust Balti riikides<\/p>\n                                                                    <\/div>\n                                                    <\/div>\n                    <\/div>\n                            <\/div>   \n        <\/div>\n    <\/div>\n\n\n<div class=\"icons-text-block\" data-anchor=\"teenused\">\n    <div class=\"container\">\n                    <h2 class=\"section_title fade-in-up\">Teenused<\/h2>\n                <div class=\"row\">\n                                            <div class=\"col col-12 col-lg-6 d-flex flex-column align-items-start fade-in-up\">\n                    <div class=\"image_container d-flex justify-content-center align-items-center\">\n                        <img decoding=\"async\" src=\"https:\/\/1partner.eu\/wp-content\/uploads\/2022\/10\/Coins.svg\" width=\"92\" height=\"73\" alt=\"\" \/>\n                    <\/div>\n                                            <h2>Tehingute n\u00f5ustamine<\/h2>\n                                        <div class=\"text_wrapper d-flex flex-column align-items-center\">\n                        <p>Ettev\u00f5te omab pikaajalist kogemust \u00e4rikinnisvara tehingutes. 1Partner Advisory on teinud rohkem kui miljardi euro eest tehinguid kogu Baltikumis nii arenduse kui rahavoo projektides. Tugev finantstaust ning lai investorv\u00f5rgustik v\u00f5imaldab klientidele pakkuda p\u00e4devat tehingute n\u00f5ustamise teenust, sh \u00fcksikud tehingud, portfellid ning korporatiivsed lahendused.<\/p>\n                    <\/div>\n                <\/div>\n                                            <div class=\"col col-12 col-lg-6 d-flex flex-column align-items-start fade-in-up\">\n                    <div class=\"image_container d-flex justify-content-center align-items-center\">\n                        <img decoding=\"async\" src=\"https:\/\/1partner.eu\/wp-content\/uploads\/2022\/10\/Line-Chart.svg\" width=\"82\" height=\"82\" alt=\"\" \/>\n                    <\/div>\n                                            <h2>Vara hindamine<\/h2>\n                                        <div class=\"text_wrapper d-flex flex-column align-items-center\">\n                        <p>Ettev\u00f5te on juhtiv vara hindamise ekspert, millel on IVS, EVS ning RICS sertifikaadid. P\u00f5hjalik turuanal\u00fc\u00fcs koos reaalse tehingute toega annab ettev\u00f5ttele laiap\u00f5hjalise teadmise turust. Ettev\u00f5te on esindanud eksperdina kliente mitmetes suuremates kohtuvaidlustes. Teenused: konsultatsioon, hindamine (laenu tagatiseks, finantsaruandluseks jms), esindamine kohtus, due diligence, projektip\u00f5hised vara hindamised.<\/p>\n                    <\/div>\n                <\/div>\n                                            <div class=\"col col-12 col-lg-6 d-flex flex-column align-items-start fade-in-up\">\n                    <div class=\"image_container d-flex justify-content-center align-items-center\">\n                        <img decoding=\"async\" src=\"https:\/\/1partner.eu\/wp-content\/uploads\/2022\/10\/Home.svg\" width=\"81\" height=\"92\" alt=\"\" \/>\n                    <\/div>\n                                            <h2>Varahaldus<\/h2>\n                                        <div class=\"text_wrapper d-flex flex-column align-items-center\">\n                        <p>Ettev\u00f5te pakub l\u00e4bipaistvat ja s\u00f5ltumatut varahaldust, muu hulgas on teenuse osaks kinnisvara \u00fcldjuhtimine, planeerimine, raporteerimine, finantseerimise korraldamine, kliendisuhtluse ja haldusjuhi \u00fclesannete t\u00e4itmine. Kasvatame vara v\u00e4\u00e4rtust, hoiame selle tehnilistelt korras kogu eluea jooksul ning juhime vajadusel suuremaid remontt\u00f6id ja viime ellu arendust.<\/p>\n                    <\/div>\n                <\/div>\n                                            <div class=\"col col-12 col-lg-6 d-flex flex-column align-items-start fade-in-up\">\n                    <div class=\"image_container d-flex justify-content-center align-items-center\">\n                        <img decoding=\"async\" src=\"https:\/\/1partner.eu\/wp-content\/uploads\/2022\/10\/Bar-Chart-2.svg\" width=\"95\" height=\"83\" alt=\"\" \/>\n                    <\/div>\n                                            <h2>Strateegiline n\u00f5ustamine<\/h2>\n                                        <div class=\"text_wrapper d-flex flex-column align-items-center\">\n                        <p>Unikaalne teadmiste ja oskuste pagas strateegilise n\u00f5ustamise valdkonnas v\u00f5imaldab aidata klienti kinnisvara alaste \u00e4riliste otsuste tegemisel. Meie teenuste hulka kuulub \u00e4riplaanide modelleerimine, \u00e4riidee\/kontseptsioon, turn-around mudelid, portfellianal\u00fc\u00fcs, stsenaariumianal\u00fc\u00fcs, tasuvusanal\u00fc\u00fcs jmt. Teeme projekti pangak\u00f5lbulikuks ning viime selle ellu esindades investorit algusest l\u00f5puni. Uue projekti \u201eideest teostuseni\u201c ellu viimine.<\/p>\n                    <\/div>\n                <\/div>\n                                            <div class=\"col col-12 col-lg-6 d-flex flex-column align-items-start fade-in-up\">\n                    <div class=\"image_container d-flex justify-content-center align-items-center\">\n                        <img decoding=\"async\" src=\"https:\/\/1partner.eu\/wp-content\/uploads\/2022\/10\/Users.svg\" width=\"106\" height=\"80\" alt=\"\" \/>\n                    <\/div>\n                                            <h2>Rentnike ja omanike esindamine<\/h2>\n                                        <div class=\"text_wrapper d-flex flex-column align-items-center\">\n                        <p>Meie kogenud meeskond aitab rentnikel leida inspireerivaid ja produktiivseid t\u00f6\u00f6kohti, viia l\u00e4bi rendilepingute l\u00e4bir\u00e4\u00e4kimisi, t\u00f6\u00f6tada v\u00e4lja t\u00f6\u00f6kohastrateegiat ning planeerida ettev\u00f5te kinnisvara portfelli. Esindame ostjaid turul objektide leidmisel, viime l\u00e4bi due diligence vajalikud toimingud ning teostame kinnisvara tehinguid ostjate nimel.<\/p>\n                    <\/div>\n                <\/div>\n                    <\/div>\n    <\/div>\n<\/div>\n\n\n<div class=\"text-on-black-block\">\n    <div class=\"container fade-in-up\">\n        <div class=\"row\">\n            <div class=\"col col-12\">\n                                    <h2 class=\"section_title\">1Partner Advisory<\/h2>\n                                <div class=\"text_wrapper\">\n                    <p>1Partner Advisory on tunnustatud kinnisvarainvesteeringute n\u00f5ustamisega tegelev ettev\u00f5te. Pakume klientidele muu hulgas tehingute n\u00f5ustamist, vara hindamist, strateegilist n\u00f5ustamist ning varahaldust. Aitame kinnisvaraomanikel realiseerida vara tegelikku potentsiaali.<\/p>\n<h3>1Partner Advisory kuulub 1Partner Kinnisvaragruppi.<\/h3>\n<p>1Partner Kinnisvara on 2004. aastal asutatud kinnisvara kompleksteenust pakkuv ettev\u00f5te. Meie kogenud konsultandid pakuvad vahendus-, hindamis-, arendus-, ehitus- ja haldusteenust.<\/p>\n                <\/div>\n            <\/div>\n        <\/div>\n    <\/div>\n<\/div>\n\n\n<div class=\"references-block\">\n    <div class=\"container\">\n                    <h2 class=\"section_title fade-in-up\">Referentsid<\/h2>\n                <div class=\"references grid\">\n                                                            <div class=\"g-col-12  g-col-lg-4 card fade-in-up\">\n                    <div class=\"reference d-flex flex-column\">\n                                                <div class=\"d-flex flex-column align-items-start content\">\n                            <div class=\"wrap\">\n                                <span class=\"title\">2022, Tehingute n\u00f5ustamine<\/span>\n                                <!-- wp:paragraph -->\n<p>Ostja n\u00f5ustamine<\/p>\n<!-- \/wp:paragraph -->\n\n<!-- wp:paragraph -->\n<p>Kolm elamuarendust Tallinnas<\/p>\n<!-- \/wp:paragraph -->\n\n<!-- wp:paragraph -->\n<p>Suurus: 42 \u00fchikut<\/p>\n<!-- \/wp:paragraph -->                            <\/div>\n\n                                                    <\/div>\n                    <\/div>\n                <\/div>\n                                            <div class=\"g-col-12  g-col-lg-4 card fade-in-up\">\n                    <div class=\"reference d-flex flex-column\">\n                                                <div class=\"d-flex flex-column align-items-start content\">\n                            <div class=\"wrap\">\n                                <span class=\"title\">2022, Tehingute n\u00f5ustamine<\/span>\n                                <!-- wp:paragraph -->\n<p>Ostja n\u00f5ustamine<\/p>\n<!-- \/wp:paragraph -->\n\n<!-- wp:paragraph -->\n<p>Elamuarendus Tallinna l\u00e4hedal<\/p>\n<!-- \/wp:paragraph -->\n\n<!-- wp:paragraph -->\n<p>Suurus: 90 \u00fchikut<\/p>\n<!-- \/wp:paragraph -->                            <\/div>\n\n                                                    <\/div>\n                    <\/div>\n                <\/div>\n                    <\/div>\n                    <a href=\"https:\/\/1partner.eu\/et\/referentsid\/\" target=\"\" class=\"btn fade-in-up\">Vaata k\u00f5iki<\/a>\n            <\/div>\n<\/div>\n\n\n<div class=\"news-block\">\n    <div class=\"container fade-in-up\">\n                    <h2 class=\"section_title\">Uudised<\/h2>\n                            <a href=\"https:\/\/1partner.eu\/et\/uudised\/\" target=\"\" class=\"fade-in-up\">K\u00f5ik uudised<\/a>\n                <div class=\"row news\">\n                                            <div class=\"post col col-12 col-sm-6 col-lg-4\">\n                    <a href=\"https:\/\/1partner.eu\/et\/1partner-advisory-hakkab-eestis-haldama-baltimaade-suurima-logistikakinnisvara-arendaja-sirin-development-varasid\/\" class=\"post_wrapper d-flex flex-column w100 h100\">\n                        <div class=\"upper_content w100\">\n                            <div class=\"post_image bg-center\" style=\"background-image: url(https:\/\/1partner.eu\/wp-content\/uploads\/2025\/04\/Tanassilma-photos-2-1024x683-1-640x400.jpg);\"><\/div>\n                            <div class=\"text_wrapper\">\n                                <h2 class=\"title\"><strong>1Partner Advisory hakkab Eestis haldama Baltimaade suurima\u00a0logistikakinnisvara arendaja SIRIN Development varasid<\/strong><\/h2>\n                                                                                                    <p>1Partner Advisory hakkab haldama Tallinna k\u00fclje all avatud SIRIN Park T\u00e4nassilma logistikaparki, mis on esimene samm Leedu suurarendaja &#8230;<\/p>\n                                                            <\/div>\n                        <\/div>\n                        <div class=\"lower_content w100\">\n                            <span>Read more<\/span>\n                        <\/div>\n                    <\/a>\n                <\/div>\n                                            <div class=\"post col col-12 col-sm-6 col-lg-4\">\n                    <a href=\"https:\/\/1partner.eu\/et\/tesla-esinduse-avamine-eestis-on-vaid-aja-kusimus\/\" class=\"post_wrapper d-flex flex-column w100 h100\">\n                        <div class=\"upper_content w100\">\n                            <div class=\"post_image bg-center\" style=\"background-image: url(https:\/\/1partner.eu\/wp-content\/uploads\/2025\/02\/tesla-lietuva-2-640x400.jpg);\"><\/div>\n                            <div class=\"text_wrapper\">\n                                <h2 class=\"title\">Ekspert: Tesla esinduse avamine Eestis on vaid aja k\u00fcsimus<\/h2>\n                                                                                                    <p>Elektriautode tootja Tesla avas \u00e4sja Vilniuses oma esimese m\u00fc\u00fcgi- ja teeninduskeskuse Balti riikides, kuid oma j\u00e4rge ootavad ka &#8230;<\/p>\n                                                            <\/div>\n                        <\/div>\n                        <div class=\"lower_content w100\">\n                            <span>Read more<\/span>\n                        <\/div>\n                    <\/a>\n                <\/div>\n                                            <div class=\"post col col-12 col-sm-6 col-lg-4\">\n                    <a href=\"https:\/\/1partner.eu\/et\/1partner-asub-juhtima-leedu-kinnisvarafondi-capitalica-varasid-eestis\/\" class=\"post_wrapper d-flex flex-column w100 h100\">\n                        <div class=\"upper_content w100\">\n                            <div class=\"post_image bg-center\" style=\"background-image: url(https:\/\/1partner.eu\/wp-content\/uploads\/2025\/02\/Depot36-640x400.jpg);\"><\/div>\n                            <div class=\"text_wrapper\">\n                                <h2 class=\"title\">1Partner asub juhtima Leedu kinnisvarafondi Capitalica varasid Eestis<\/h2>\n                                                                                                    <p>1Partner&nbsp;Advisory alustas&nbsp;koost\u00f6\u00f6d Leedu \u00fche juhtiva kinnisvarafondiga&nbsp;Capitalica&nbsp;Asset Management&nbsp;ning v\u00f5ttis&nbsp;\u00fcle fondi&nbsp;Eesti&nbsp;kinnisvaraportfelli haldamise.&nbsp;Capitalica&nbsp;arendab ja haldab kommertskinnisvara Balti riikides ja Poolas, ettev\u00f5tte &#8230;<\/p>\n                                                            <\/div>\n                        <\/div>\n                        <div class=\"lower_content w100\">\n                            <span>Read more<\/span>\n                        <\/div>\n                    <\/a>\n                <\/div>\n                    <\/div>\n    <\/div>\n<\/div>","protected":false},"excerpt":{"rendered":"","protected":false},"author":1,"featured_media":0,"parent":0,"menu_order":0,"comment_status":"closed","ping_status":"closed","template":"","meta":[],"acf":[],"yoast_head":"<!-- This site is optimized with the Yoast SEO plugin v19.10 - https:\/\/yoast.com\/wordpress\/plugins\/seo\/ -->\n<title>Avaleht - 1Partner Advisory<\/title>\n<meta name=\"robots\" content=\"index, follow, max-snippet:-1, max-image-preview:large, max-video-preview:-1\" \/>\n<link rel=\"canonical\" href=\"https:\/\/1partner.eu\/et\/\" \/>\n<meta property=\"og:locale\" content=\"et_EE\" \/>\n<meta property=\"og:type\" content=\"article\" \/>\n<meta property=\"og:title\" content=\"Avaleht - 1Partner Advisory\" \/>\n<meta property=\"og:url\" content=\"https:\/\/1partner.eu\/et\/\" \/>\n<meta property=\"og:site_name\" content=\"1Partner Advisory\" \/>\n<meta property=\"article:modified_time\" content=\"2023-01-11T14:42:27+00:00\" \/>\n<meta name=\"twitter:card\" content=\"summary_large_image\" \/>\n<script type=\"application\/ld+json\" class=\"yoast-schema-graph\">{\"@context\":\"https:\/\/schema.org\",\"@graph\":[{\"@type\":\"WebPage\",\"@id\":\"https:\/\/1partner.eu\/et\/\",\"url\":\"https:\/\/1partner.eu\/et\/\",\"name\":\"Avaleht - 1Partner Advisory\",\"isPartOf\":{\"@id\":\"https:\/\/1partner.eu\/et\/#website\"},\"datePublished\":\"2020-09-17T15:31:54+00:00\",\"dateModified\":\"2023-01-11T14:42:27+00:00\",\"breadcrumb\":{\"@id\":\"https:\/\/1partner.eu\/et\/#breadcrumb\"},\"inLanguage\":\"et\",\"potentialAction\":[{\"@type\":\"ReadAction\",\"target\":[\"https:\/\/1partner.eu\/et\/\"]}]},{\"@type\":\"BreadcrumbList\",\"@id\":\"https:\/\/1partner.eu\/et\/#breadcrumb\",\"itemListElement\":[{\"@type\":\"ListItem\",\"position\":1,\"name\":\"Home\",\"item\":\"https:\/\/1partner.eu\/et\/\"},{\"@type\":\"ListItem\",\"position\":2,\"name\":\"Avaleht\"}]},{\"@type\":\"WebSite\",\"@id\":\"https:\/\/1partner.eu\/et\/#website\",\"url\":\"https:\/\/1partner.eu\/et\/\",\"name\":\"1Partner Advisory\",\"description\":\"Property related corporate finance in the baltics\",\"publisher\":{\"@id\":\"https:\/\/1partner.eu\/et\/#organization\"},\"potentialAction\":[{\"@type\":\"SearchAction\",\"target\":{\"@type\":\"EntryPoint\",\"urlTemplate\":\"https:\/\/1partner.eu\/et\/?s={search_term_string}\"},\"query-input\":\"required name=search_term_string\"}],\"inLanguage\":\"et\"},{\"@type\":\"Organization\",\"@id\":\"https:\/\/1partner.eu\/et\/#organization\",\"name\":\"1Partner Advisory\",\"url\":\"https:\/\/1partner.eu\/et\/\",\"logo\":{\"@type\":\"ImageObject\",\"inLanguage\":\"et\",\"@id\":\"https:\/\/1partner.eu\/et\/#\/schema\/logo\/image\/\",\"url\":\"https:\/\/1partner.eu\/wp-content\/uploads\/2022\/11\/Page-1.svg\",\"contentUrl\":\"https:\/\/1partner.eu\/wp-content\/uploads\/2022\/11\/Page-1.svg\",\"caption\":\"1Partner Advisory\"},\"image\":{\"@id\":\"https:\/\/1partner.eu\/et\/#\/schema\/logo\/image\/\"}}]}<\/script>\n<!-- \/ Yoast SEO plugin. -->","yoast_head_json":{"title":"Avaleht - 1Partner Advisory","robots":{"index":"index","follow":"follow","max-snippet":"max-snippet:-1","max-image-preview":"max-image-preview:large","max-video-preview":"max-video-preview:-1"},"canonical":"https:\/\/1partner.eu\/et\/","og_locale":"et_EE","og_type":"article","og_title":"Avaleht - 1Partner Advisory","og_url":"https:\/\/1partner.eu\/et\/","og_site_name":"1Partner Advisory","article_modified_time":"2023-01-11T14:42:27+00:00","twitter_card":"summary_large_image","schema":{"@context":"https:\/\/schema.org","@graph":[{"@type":"WebPage","@id":"https:\/\/1partner.eu\/et\/","url":"https:\/\/1partner.eu\/et\/","name":"Avaleht - 1Partner Advisory","isPartOf":{"@id":"https:\/\/1partner.eu\/et\/#website"},"datePublished":"2020-09-17T15:31:54+00:00","dateModified":"2023-01-11T14:42:27+00:00","breadcrumb":{"@id":"https:\/\/1partner.eu\/et\/#breadcrumb"},"inLanguage":"et","potentialAction":[{"@type":"ReadAction","target":["https:\/\/1partner.eu\/et\/"]}]},{"@type":"BreadcrumbList","@id":"https:\/\/1partner.eu\/et\/#breadcrumb","itemListElement":[{"@type":"ListItem","position":1,"name":"Home","item":"https:\/\/1partner.eu\/et\/"},{"@type":"ListItem","position":2,"name":"Avaleht"}]},{"@type":"WebSite","@id":"https:\/\/1partner.eu\/et\/#website","url":"https:\/\/1partner.eu\/et\/","name":"1Partner Advisory","description":"Property related corporate finance in the baltics","publisher":{"@id":"https:\/\/1partner.eu\/et\/#organization"},"potentialAction":[{"@type":"SearchAction","target":{"@type":"EntryPoint","urlTemplate":"https:\/\/1partner.eu\/et\/?s={search_term_string}"},"query-input":"required name=search_term_string"}],"inLanguage":"et"},{"@type":"Organization","@id":"https:\/\/1partner.eu\/et\/#organization","name":"1Partner Advisory","url":"https:\/\/1partner.eu\/et\/","logo":{"@type":"ImageObject","inLanguage":"et","@id":"https:\/\/1partner.eu\/et\/#\/schema\/logo\/image\/","url":"https:\/\/1partner.eu\/wp-content\/uploads\/2022\/11\/Page-1.svg","contentUrl":"https:\/\/1partner.eu\/wp-content\/uploads\/2022\/11\/Page-1.svg","caption":"1Partner Advisory"},"image":{"@id":"https:\/\/1partner.eu\/et\/#\/schema\/logo\/image\/"}}]}},"_links":{"self":[{"href":"https:\/\/1partner.eu\/et\/wp-json\/wp\/v2\/pages\/727"}],"collection":[{"href":"https:\/\/1partner.eu\/et\/wp-json\/wp\/v2\/pages"}],"about":[{"href":"https:\/\/1partner.eu\/et\/wp-json\/wp\/v2\/types\/page"}],"author":[{"embeddable":true,"href":"https:\/\/1partner.eu\/et\/wp-json\/wp\/v2\/users\/1"}],"replies":[{"embeddable":true,"href":"https:\/\/1partner.eu\/et\/wp-json\/wp\/v2\/comments?post=727"}],"version-history":[{"count":49,"href":"https:\/\/1partner.eu\/et\/wp-json\/wp\/v2\/pages\/727\/revisions"}],"predecessor-version":[{"id":1203,"href":"https:\/\/1partner.eu\/et\/wp-json\/wp\/v2\/pages\/727\/revisions\/1203"}],"wp:attachment":[{"href":"https:\/\/1partner.eu\/et\/wp-json\/wp\/v2\/media?parent=727"}],"curies":[{"name":"wp","href":"https:\/\/api.w.org\/{rel}","templated":true}]}}