{"id":776,"date":"2022-10-05T15:04:05","date_gmt":"2022-10-05T12:04:05","guid":{"rendered":"https:\/\/1partner.eu\/about-us\/"},"modified":"2023-01-11T17:42:40","modified_gmt":"2023-01-11T14:42:40","slug":"ettevottest","status":"publish","type":"page","link":"https:\/\/1partner.eu\/et\/ettevottest\/","title":{"rendered":"Ettev\u00f5ttest"},"content":{"rendered":"\n<div class=\"text-on-gray-block\">\n    <div class=\"container\">\n        <div class=\"row\">\n            <div class=\"col col-12\">\n                <h1>1Partner Advisory kuulub 1Partner Kinnisvaragruppi<\/h1>\n                <div class=\"text_wrapper\">\n                    <p>1Partner Kinnisvara on 2004. aastal asutatud kinnisvara kompleksteenust pakkuv ettev\u00f5te. Meie kogenud konsultandid pakuvad vahendus-, hindamis-, arendamis-, ehitus- ja haldusteenust.<\/p>\n                <\/div>\n            <\/div>\n        <\/div>\n    <\/div>\n<\/div>\n\n\t<div id=\"text-image-rows-block-block_57a044f9e34e9c85e03ef6507663736e\" class=\"text-image-rows-block\">\n\t\t<div class=\"container\">\n\t\t\t\t\t\t\t\t\t\t\t<div class=\"row align-items-center \">\n\t\t\t\t\t<div class=\"col col-12 col-lg-6\">\n\t\t\t\t\t\t\t\t\t\t\t\t\t<div class=\"text-wrap fade-in-up\">\n\t\t\t\t\t\t\t\t<p>1Partner Advisory on tunnustatud kinnisvarainvesteeringute n\u00f5ustamisega tegelev ettev\u00f5te. Pakume klientidele muu hulgas tehingute n\u00f5ustamist, vara hindamist, strateegilist n\u00f5ustamist ning varahaldust. Aitame kinnisvaraomanikel realiseerida vara tegelikku potentsiaali. 1Partner Advisory on tasakaalupunkt kinnisvara- ning rahandusmaailma vahel.<\/p>\n\t\t\t\t\t\t\t<\/div>\n\t\t\t\t\t\t\t\t\t\t\t<\/div>\n\n\t\t\t\t\t<div class=\"col col-12 col-lg-6 image\">\n\t\t\t\t\t\t\t\t\t\t\t\t\t\t\t\t\t\t\t\t\t\t\t\t\t\t\t\t<div class=\"img-wrap fade-in-up\">\n\t\t\t\t\t\t\t\t\t<div class=\"image-container bg-center\" style=\"background-image: url(https:\/\/1partner.eu\/wp-content\/uploads\/2022\/10\/Rectangle-40-2.jpg);\"><\/div>\n\t\t\t\t\t\t\t\t<\/div>\n\t\t\t\t\t\t\t\t\t\t\t\t\t\t\t\t\t\t<\/div>\n\t\t\t\t<\/div>\n\t\t\t\t\t\t\t\t\t\t\t<div class=\"row align-items-center  flex-row-reverse\">\n\t\t\t\t\t<div class=\"col col-12 col-lg-6\">\n\t\t\t\t\t\t\t\t\t\t\t\t\t<div class=\"text-wrap fade-in-up\">\n\t\t\t\t\t\t\t\t<p>Meie ettev\u00f5te on turul juhtiv vara hindamise ettev\u00f5te, meil on tugev varahaldusportfell ning oleme n\u00f5ustanud suurtehinguid kogu Baltikumis. Meie teenused on aidanud nii kohalikke kui ka v\u00e4lisinvestoritest kinnisvaraomanikke, kelle seas on nii erainvestoreid, varahaldusettev\u00f5tteid kui ka fonde.<\/p>\n\t\t\t\t\t\t\t<\/div>\n\t\t\t\t\t\t\t\t\t\t\t<\/div>\n\n\t\t\t\t\t<div class=\"col col-12 col-lg-6 image\">\n\t\t\t\t\t\t\t\t\t\t\t\t\t\t\t\t\t\t\t\t\t\t\t\t\t\t\t\t<div class=\"img-wrap fade-in-up\">\n\t\t\t\t\t\t\t\t\t<div class=\"image-container bg-center\" style=\"background-image: url(https:\/\/1partner.eu\/wp-content\/uploads\/2022\/10\/Rectangle-41-1.jpg);\"><\/div>\n\t\t\t\t\t\t\t\t<\/div>\n\t\t\t\t\t\t\t\t\t\t\t\t\t\t\t\t\t\t<\/div>\n\t\t\t\t<\/div>\n\t\t\t\t\t<\/div>\n\t<\/div>\n\n\n\n<div class=\"partners-block\">\n    <div class=\"container\">\n        <div class=\"row\">\n\t\t\t\t\t\t\t\t\t\t\t<div class=\"col col-12 col-lg-6\">\n\t\t\t\t\t<div class=\"partner fade-in-up\" data-anchor=\"jll\">\n\t\t\t\t\t\t\t\t\t\t\t\t\t<a href=\"https:\/\/www.jllpartners.com\/\" target=\"_blank\" class=\"logo_link d-flex align-items-center justify-content-center\">\n\t\t\t\t\t\t\n\t\t\t\t\t\t<img decoding=\"async\" src=\"https:\/\/1partner.eu\/wp-content\/uploads\/2022\/10\/Group-142.svg\" width=\"77\" height=\"59\" alt=\"\" \/>\n\n\t\t\t\t\t\t\t\t\t\t\t\t\t<\/a>\n\t\t\t\t\t\t\t\t\t\t\t\t<div class=\"text_wrapper row\">\n\t\t\t\t\t\t\t<h2>JLL<\/h2>\n\n\t\t\t\t\t\t\t\t\t\t\t\t\t\t\t<div class=\"col\">\n\t\t\t\t\t\t\t\t\t<p>1Partner Advisory on JLL Alliance Partner Baltikumis. Ettev\u00f5te on edukalt teinud koost\u00f6\u00f6d JLLiga alates 2009. aastast.<\/p>\n<p>JLL on juhtiv globaalne teenusettev\u00f5te, mille fookuses on kinnisvara ja investeeringute juhtimine. JLL on Fortune 500 ettev\u00f5te, mille aastak\u00e4ive on 19,3 miljardit eurot, ning millel on kontorid enam kui 80 riigis ning \u00fcle 98 000 t\u00f6\u00f6taja (31.12.2021 andmed).<\/p>\n<p>JLL pakub teenuseid erinevate valdkondade klientidele kogu maailmas. JLL klientide seast leiab erineva suurusega ettev\u00f5tteid nii \u00e4ri- kui ka mittetulundussektorist, eraettev\u00f5tteid ning avaliku sektori organisatsioone. JLL \u00fclemaailmne platvorm ning mitmek\u00fclgne teenuste ja toodete valik v\u00f5imaldavad meil kasutada \u00e4ra kogu valdkonna pakutavaid v\u00f5imalusi ning t\u00f6\u00f6tada edukalt d\u00fcnaamilistel ja v\u00e4ljakutseid pakkuvatel turgudel kogu maailmas.<\/p>\n\t\t\t\t\t\t\t\t<\/div>\n\t\t\t\t\t\t\t\t\t\t\t\t\t<\/div>\n\t\t\t\t\t<\/div>\n\t\t\t\t<\/div>\n\t\t\t\t\t\t\t\t\t\t\t<div class=\"col col-12 col-lg-6\">\n\t\t\t\t\t<div class=\"partner fade-in-up\" data-anchor=\"rics\">\n\t\t\t\t\t\t\t\t\t\t\t\t\t<a href=\"https:\/\/www.rics.org\/eu\/\" target=\"_blank\" class=\"logo_link d-flex align-items-center justify-content-center\">\n\t\t\t\t\t\t\n\t\t\t\t\t\t<img decoding=\"async\" src=\"https:\/\/1partner.eu\/wp-content\/uploads\/2022\/10\/Vector-1.svg\" width=\"98\" height=\"35\" alt=\"\" \/>\n\n\t\t\t\t\t\t\t\t\t\t\t\t\t<\/a>\n\t\t\t\t\t\t\t\t\t\t\t\t<div class=\"text_wrapper row\">\n\t\t\t\t\t\t\t<h2>RICS<\/h2>\n\n\t\t\t\t\t\t\t\t\t\t\t\t\t\t\t<div class=\"col\">\n\t\t\t\t\t\t\t\t\t<p>RICS \u2013 \u00fclemaailmselt tunnustatud professionaalne organisatsioon, kuhu kuulub \u00fcle 134 000 kvalifitseeritud valdkonna professionaali ning RICS on esindatud k\u00f5ikidel olulistel finantsturgudel. RICSi \u00fcldtunnustatud globaalsete standardite, juhtiva professionaalse arengu ning usaldusv\u00e4\u00e4rsete andmete ja anal\u00fc\u00fcside kaudu propageerib organisatsioon valdkonna k\u00f5rgeimaid standardeid.<\/p>\n<p>1Partned Advisory kuulub Regulated by RICS v\u00f5rgustikku. Regulated by RICS v\u00f5rgustikku kuulumine t\u00e4hendab RICS klientide jaoks usaldusv\u00e4\u00e4rsust ning kvaliteeti, seda nii kohalikul, riiklikul kui ka rahvusvahelisel tasandil.<\/p>\n\t\t\t\t\t\t\t\t<\/div>\n\t\t\t\t\t\t\t\t\t\t\t\t\t<\/div>\n\t\t\t\t\t<\/div>\n\t\t\t\t<\/div>\n\t\t\t        <\/div>\n    <\/div>\n<\/div>\n\n\n<div class=\"text-image-black-block\">\n    <div class=\"container fade-in-up\">\n        <div class=\"row\">\n            <div class=\"col col-12\">\n                                <div class=\"text_wrapper\">\n                    <h2 style=\"text-align: center;\">Sertifikaadid<\/h2>\n<p style=\"text-align: center;\">Ettev\u00f5tte varahindamise standardeid reguleerivad IVS (International Valuation Standards), EVS-875 (Eesti vara hindamise standardid) ning RICS (Royal Institute of Chartered Surveyors). Ettev\u00f5tte hindajad on Eesti Kinnisvarahindajate \u00dchingu (EKH\u00dc) liikmed.<\/p>\n                <\/div>\n                                    <div class=\"d-flex align-items-center justify-content-center logos_wrap\">\n                                                                                                                <a href=\"https:\/\/www.ivsc.org\/\" class=\"d-flex d-flex align-items-center justify-content-center logo\" target=\"_blank\">\n                            \n                            <img decoding=\"async\" src=\"https:\/\/1partner.eu\/wp-content\/uploads\/2022\/10\/image-3.png\" width=\"106\" height=\"106\" alt=\"\" \/>\n\n                                                            <\/a>\n                                                                                                                                            <a href=\"https:\/\/www.rics.org\/eu\/\" class=\"d-flex d-flex align-items-center justify-content-center logo\" target=\"_blank\">\n                            \n                            <img decoding=\"async\" src=\"https:\/\/1partner.eu\/wp-content\/uploads\/2022\/10\/Vector.svg\" width=\"76\" height=\"27\" alt=\"\" \/>\n\n                                                            <\/a>\n                                                                                                                                            <a href=\"https:\/\/ekhy.ee\/\" class=\"d-flex d-flex align-items-center justify-content-center logo\" target=\"_blank\">\n                            \n                            <img decoding=\"async\" src=\"https:\/\/1partner.eu\/wp-content\/uploads\/2022\/10\/image-4.png\" width=\"434\" height=\"134\" alt=\"\" \/>\n\n                                                            <\/a>\n                                                                        <\/div>\n                            <\/div>\n        <\/div>\n    <\/div>\n<\/div>","protected":false},"excerpt":{"rendered":"","protected":false},"author":1,"featured_media":0,"parent":0,"menu_order":1,"comment_status":"closed","ping_status":"closed","template":"","meta":[],"acf":[],"yoast_head":"<!-- This site is optimized with the Yoast SEO plugin v19.10 - https:\/\/yoast.com\/wordpress\/plugins\/seo\/ -->\n<title>Ettev\u00f5ttest - 1Partner Advisory<\/title>\n<meta name=\"robots\" content=\"index, follow, max-snippet:-1, max-image-preview:large, max-video-preview:-1\" \/>\n<link rel=\"canonical\" href=\"https:\/\/1partner.eu\/et\/ettevottest\/\" \/>\n<meta property=\"og:locale\" content=\"et_EE\" \/>\n<meta property=\"og:type\" content=\"article\" \/>\n<meta property=\"og:title\" content=\"Ettev\u00f5ttest - 1Partner Advisory\" \/>\n<meta property=\"og:url\" content=\"https:\/\/1partner.eu\/et\/ettevottest\/\" \/>\n<meta property=\"og:site_name\" content=\"1Partner Advisory\" \/>\n<meta property=\"article:modified_time\" content=\"2023-01-11T14:42:40+00:00\" \/>\n<meta name=\"twitter:card\" content=\"summary_large_image\" \/>\n<script type=\"application\/ld+json\" class=\"yoast-schema-graph\">{\"@context\":\"https:\/\/schema.org\",\"@graph\":[{\"@type\":\"WebPage\",\"@id\":\"https:\/\/1partner.eu\/et\/ettevottest\/\",\"url\":\"https:\/\/1partner.eu\/et\/ettevottest\/\",\"name\":\"Ettev\u00f5ttest - 1Partner Advisory\",\"isPartOf\":{\"@id\":\"https:\/\/1partner.eu\/et\/#website\"},\"datePublished\":\"2022-10-05T12:04:05+00:00\",\"dateModified\":\"2023-01-11T14:42:40+00:00\",\"breadcrumb\":{\"@id\":\"https:\/\/1partner.eu\/et\/ettevottest\/#breadcrumb\"},\"inLanguage\":\"et\",\"potentialAction\":[{\"@type\":\"ReadAction\",\"target\":[\"https:\/\/1partner.eu\/et\/ettevottest\/\"]}]},{\"@type\":\"BreadcrumbList\",\"@id\":\"https:\/\/1partner.eu\/et\/ettevottest\/#breadcrumb\",\"itemListElement\":[{\"@type\":\"ListItem\",\"position\":1,\"name\":\"Home\",\"item\":\"https:\/\/1partner.eu\/et\/\"},{\"@type\":\"ListItem\",\"position\":2,\"name\":\"Ettev\u00f5ttest\"}]},{\"@type\":\"WebSite\",\"@id\":\"https:\/\/1partner.eu\/et\/#website\",\"url\":\"https:\/\/1partner.eu\/et\/\",\"name\":\"1Partner Advisory\",\"description\":\"Property related corporate finance in the baltics\",\"publisher\":{\"@id\":\"https:\/\/1partner.eu\/et\/#organization\"},\"potentialAction\":[{\"@type\":\"SearchAction\",\"target\":{\"@type\":\"EntryPoint\",\"urlTemplate\":\"https:\/\/1partner.eu\/et\/?s={search_term_string}\"},\"query-input\":\"required name=search_term_string\"}],\"inLanguage\":\"et\"},{\"@type\":\"Organization\",\"@id\":\"https:\/\/1partner.eu\/et\/#organization\",\"name\":\"1Partner Advisory\",\"url\":\"https:\/\/1partner.eu\/et\/\",\"logo\":{\"@type\":\"ImageObject\",\"inLanguage\":\"et\",\"@id\":\"https:\/\/1partner.eu\/et\/#\/schema\/logo\/image\/\",\"url\":\"https:\/\/1partner.eu\/wp-content\/uploads\/2022\/11\/Page-1.svg\",\"contentUrl\":\"https:\/\/1partner.eu\/wp-content\/uploads\/2022\/11\/Page-1.svg\",\"caption\":\"1Partner Advisory\"},\"image\":{\"@id\":\"https:\/\/1partner.eu\/et\/#\/schema\/logo\/image\/\"}}]}<\/script>\n<!-- \/ Yoast SEO plugin. -->","yoast_head_json":{"title":"Ettev\u00f5ttest - 1Partner Advisory","robots":{"index":"index","follow":"follow","max-snippet":"max-snippet:-1","max-image-preview":"max-image-preview:large","max-video-preview":"max-video-preview:-1"},"canonical":"https:\/\/1partner.eu\/et\/ettevottest\/","og_locale":"et_EE","og_type":"article","og_title":"Ettev\u00f5ttest - 1Partner Advisory","og_url":"https:\/\/1partner.eu\/et\/ettevottest\/","og_site_name":"1Partner Advisory","article_modified_time":"2023-01-11T14:42:40+00:00","twitter_card":"summary_large_image","schema":{"@context":"https:\/\/schema.org","@graph":[{"@type":"WebPage","@id":"https:\/\/1partner.eu\/et\/ettevottest\/","url":"https:\/\/1partner.eu\/et\/ettevottest\/","name":"Ettev\u00f5ttest - 1Partner Advisory","isPartOf":{"@id":"https:\/\/1partner.eu\/et\/#website"},"datePublished":"2022-10-05T12:04:05+00:00","dateModified":"2023-01-11T14:42:40+00:00","breadcrumb":{"@id":"https:\/\/1partner.eu\/et\/ettevottest\/#breadcrumb"},"inLanguage":"et","potentialAction":[{"@type":"ReadAction","target":["https:\/\/1partner.eu\/et\/ettevottest\/"]}]},{"@type":"BreadcrumbList","@id":"https:\/\/1partner.eu\/et\/ettevottest\/#breadcrumb","itemListElement":[{"@type":"ListItem","position":1,"name":"Home","item":"https:\/\/1partner.eu\/et\/"},{"@type":"ListItem","position":2,"name":"Ettev\u00f5ttest"}]},{"@type":"WebSite","@id":"https:\/\/1partner.eu\/et\/#website","url":"https:\/\/1partner.eu\/et\/","name":"1Partner Advisory","description":"Property related corporate finance in the baltics","publisher":{"@id":"https:\/\/1partner.eu\/et\/#organization"},"potentialAction":[{"@type":"SearchAction","target":{"@type":"EntryPoint","urlTemplate":"https:\/\/1partner.eu\/et\/?s={search_term_string}"},"query-input":"required name=search_term_string"}],"inLanguage":"et"},{"@type":"Organization","@id":"https:\/\/1partner.eu\/et\/#organization","name":"1Partner Advisory","url":"https:\/\/1partner.eu\/et\/","logo":{"@type":"ImageObject","inLanguage":"et","@id":"https:\/\/1partner.eu\/et\/#\/schema\/logo\/image\/","url":"https:\/\/1partner.eu\/wp-content\/uploads\/2022\/11\/Page-1.svg","contentUrl":"https:\/\/1partner.eu\/wp-content\/uploads\/2022\/11\/Page-1.svg","caption":"1Partner Advisory"},"image":{"@id":"https:\/\/1partner.eu\/et\/#\/schema\/logo\/image\/"}}]}},"_links":{"self":[{"href":"https:\/\/1partner.eu\/et\/wp-json\/wp\/v2\/pages\/776"}],"collection":[{"href":"https:\/\/1partner.eu\/et\/wp-json\/wp\/v2\/pages"}],"about":[{"href":"https:\/\/1partner.eu\/et\/wp-json\/wp\/v2\/types\/page"}],"author":[{"embeddable":true,"href":"https:\/\/1partner.eu\/et\/wp-json\/wp\/v2\/users\/1"}],"replies":[{"embeddable":true,"href":"https:\/\/1partner.eu\/et\/wp-json\/wp\/v2\/comments?post=776"}],"version-history":[{"count":32,"href":"https:\/\/1partner.eu\/et\/wp-json\/wp\/v2\/pages\/776\/revisions"}],"predecessor-version":[{"id":1205,"href":"https:\/\/1partner.eu\/et\/wp-json\/wp\/v2\/pages\/776\/revisions\/1205"}],"wp:attachment":[{"href":"https:\/\/1partner.eu\/et\/wp-json\/wp\/v2\/media?parent=776"}],"curies":[{"name":"wp","href":"https:\/\/api.w.org\/{rel}","templated":true}]}}